{"id":23576,"date":"2024-04-18T14:25:58","date_gmt":"2024-04-18T14:25:58","guid":{"rendered":"https:\/\/rodess-dz.com\/?post_type=product&#038;p=23576"},"modified":"2024-04-18T14:25:58","modified_gmt":"2024-04-18T14:25:58","slug":"cartable-3","status":"publish","type":"product","link":"https:\/\/rodess-dz.com\/en\/product\/cartable-3\/","title":{"rendered":"Cartable"},"content":{"rendered":"<p>cartabl RD82 sac \u00e0 bandouli\u00e8re compact pour ordinateur portable avec poches de rangement pour accessoires Pochettes de rangement pour souris, iPod, t\u00e9l\u00e9phone, stylos,Cette housse pour ordinateur portable est dot\u00e9e d&rsquo;une protection lat\u00e9rale et contre les chutes;<\/p>","protected":false},"excerpt":{"rendered":"<p>cartabl RD82 sac \u00e0 bandouli\u00e8re compact pour ordinateur portable avec poches de rangement pour accessoires Pochettes de rangement pour souris, iPod, t\u00e9l\u00e9phone, stylos,Cette housse pour ordinateur portable est dot\u00e9e d&rsquo;une protection lat\u00e9rale et contre les chutes;<\/p>","protected":false},"featured_media":23395,"template":"","meta":{"om_disable_all_campaigns":false,"_monsterinsights_skip_tracking":false,"_monsterinsights_sitenote_active":false,"_monsterinsights_sitenote_note":"","_monsterinsights_sitenote_category":0,"_uf_show_specific_survey":0,"_uf_disable_surveys":false},"product_cat":[164,199],"product_tag":[],"aioseo_notices":[],"_links":{"self":[{"href":"https:\/\/rodess-dz.com\/en\/wp-json\/wp\/v2\/product\/23576"}],"collection":[{"href":"https:\/\/rodess-dz.com\/en\/wp-json\/wp\/v2\/product"}],"about":[{"href":"https:\/\/rodess-dz.com\/en\/wp-json\/wp\/v2\/types\/product"}],"version-history":[{"count":1,"href":"https:\/\/rodess-dz.com\/en\/wp-json\/wp\/v2\/product\/23576\/revisions"}],"predecessor-version":[{"id":23578,"href":"https:\/\/rodess-dz.com\/en\/wp-json\/wp\/v2\/product\/23576\/revisions\/23578"}],"wp:featuredmedia":[{"embeddable":true,"href":"https:\/\/rodess-dz.com\/en\/wp-json\/wp\/v2\/media\/23395"}],"wp:attachment":[{"href":"https:\/\/rodess-dz.com\/en\/wp-json\/wp\/v2\/media?parent=23576"}],"wp:term":[{"taxonomy":"product_cat","embeddable":true,"href":"https:\/\/rodess-dz.com\/en\/wp-json\/wp\/v2\/product_cat?post=23576"},{"taxonomy":"product_tag","embeddable":true,"href":"https:\/\/rodess-dz.com\/en\/wp-json\/wp\/v2\/product_tag?post=23576"}],"curies":[{"name":"wp","href":"https:\/\/api.w.org\/{rel}","templated":true}]}}