{"id":23574,"date":"2024-04-18T14:24:54","date_gmt":"2024-04-18T14:24:54","guid":{"rendered":"https:\/\/rodess-dz.com\/?post_type=product&#038;p=23574"},"modified":"2024-04-18T14:24:54","modified_gmt":"2024-04-18T14:24:54","slug":"sac-a-dos-41","status":"publish","type":"product","link":"https:\/\/rodess-dz.com\/en\/product\/sac-a-dos-41\/","title":{"rendered":"Sac A Dos"},"content":{"rendered":"<p>sac a dos RD29 pour les enfant,deux poche,L\u00e9ger et facile \u00e0 utiliser convient pour l&rsquo;ecole,compartiment clair avec fermeture \u00e9clair bidirectionnelle,<\/p>","protected":false},"excerpt":{"rendered":"<p>sac a dos RD29 pour les enfant,deux poche,L\u00e9ger et facile \u00e0 utiliser convient pour l&rsquo;ecole,compartiment clair avec fermeture \u00e9clair bidirectionnelle,<\/p>","protected":false},"featured_media":23400,"template":"","meta":{"om_disable_all_campaigns":false,"_monsterinsights_skip_tracking":false,"_monsterinsights_sitenote_active":false,"_monsterinsights_sitenote_note":"","_monsterinsights_sitenote_category":0,"_uf_show_specific_survey":0,"_uf_disable_surveys":false},"product_cat":[198,165],"product_tag":[],"aioseo_notices":[],"_links":{"self":[{"href":"https:\/\/rodess-dz.com\/en\/wp-json\/wp\/v2\/product\/23574"}],"collection":[{"href":"https:\/\/rodess-dz.com\/en\/wp-json\/wp\/v2\/product"}],"about":[{"href":"https:\/\/rodess-dz.com\/en\/wp-json\/wp\/v2\/types\/product"}],"version-history":[{"count":1,"href":"https:\/\/rodess-dz.com\/en\/wp-json\/wp\/v2\/product\/23574\/revisions"}],"predecessor-version":[{"id":23575,"href":"https:\/\/rodess-dz.com\/en\/wp-json\/wp\/v2\/product\/23574\/revisions\/23575"}],"wp:featuredmedia":[{"embeddable":true,"href":"https:\/\/rodess-dz.com\/en\/wp-json\/wp\/v2\/media\/23400"}],"wp:attachment":[{"href":"https:\/\/rodess-dz.com\/en\/wp-json\/wp\/v2\/media?parent=23574"}],"wp:term":[{"taxonomy":"product_cat","embeddable":true,"href":"https:\/\/rodess-dz.com\/en\/wp-json\/wp\/v2\/product_cat?post=23574"},{"taxonomy":"product_tag","embeddable":true,"href":"https:\/\/rodess-dz.com\/en\/wp-json\/wp\/v2\/product_tag?post=23574"}],"curies":[{"name":"wp","href":"https:\/\/api.w.org\/{rel}","templated":true}]}}