{"id":23554,"date":"2024-04-18T14:12:36","date_gmt":"2024-04-18T14:12:36","guid":{"rendered":"https:\/\/rodess-dz.com\/?post_type=product&#038;p=23554"},"modified":"2024-04-18T14:12:36","modified_gmt":"2024-04-18T14:12:36","slug":"sac-a-dos-33","status":"publish","type":"product","link":"https:\/\/rodess-dz.com\/en\/product\/sac-a-dos-33\/","title":{"rendered":"Sac A Dos"},"content":{"rendered":"<p>sac a dos roullette RD93 pour les filles et garcon avec Chariot Ensemble de sac \u00e0 dos en 3 pi\u00e8ces les tendances du voyage en sac sont pr\u00e9sent\u00e9es de diff\u00e9rentes mani\u00e8res, telles qu&rsquo;une \u00e9paule, une bandouli\u00e8re et un appareil \u00e0 main. Ce sac \u00e0 bandouli\u00e8re ajustable et facile \u00e0 rembourrer, est robuste et confortable \u00e0 porter sur les \u00e9paules.<\/p>","protected":false},"excerpt":{"rendered":"<p>sac a dos roullette RD93 pour les filles et garcon avec Chariot Ensemble de sac \u00e0 dos en 3 pi\u00e8ces les tendances du voyage en sac sont pr\u00e9sent\u00e9es de diff\u00e9rentes mani\u00e8res, telles qu&rsquo;une \u00e9paule, une bandouli\u00e8re et un appareil \u00e0 main. Ce sac \u00e0 bandouli\u00e8re ajustable et facile \u00e0 rembourrer, est robuste et confortable \u00e0 [&hellip;]<\/p>","protected":false},"featured_media":23433,"template":"","meta":{"om_disable_all_campaigns":false,"_monsterinsights_skip_tracking":false,"_monsterinsights_sitenote_active":false,"_monsterinsights_sitenote_note":"","_monsterinsights_sitenote_category":0,"_uf_show_specific_survey":0,"_uf_disable_surveys":false},"product_cat":[198,165],"product_tag":[],"aioseo_notices":[],"_links":{"self":[{"href":"https:\/\/rodess-dz.com\/en\/wp-json\/wp\/v2\/product\/23554"}],"collection":[{"href":"https:\/\/rodess-dz.com\/en\/wp-json\/wp\/v2\/product"}],"about":[{"href":"https:\/\/rodess-dz.com\/en\/wp-json\/wp\/v2\/types\/product"}],"version-history":[{"count":1,"href":"https:\/\/rodess-dz.com\/en\/wp-json\/wp\/v2\/product\/23554\/revisions"}],"predecessor-version":[{"id":23556,"href":"https:\/\/rodess-dz.com\/en\/wp-json\/wp\/v2\/product\/23554\/revisions\/23556"}],"wp:featuredmedia":[{"embeddable":true,"href":"https:\/\/rodess-dz.com\/en\/wp-json\/wp\/v2\/media\/23433"}],"wp:attachment":[{"href":"https:\/\/rodess-dz.com\/en\/wp-json\/wp\/v2\/media?parent=23554"}],"wp:term":[{"taxonomy":"product_cat","embeddable":true,"href":"https:\/\/rodess-dz.com\/en\/wp-json\/wp\/v2\/product_cat?post=23554"},{"taxonomy":"product_tag","embeddable":true,"href":"https:\/\/rodess-dz.com\/en\/wp-json\/wp\/v2\/product_tag?post=23554"}],"curies":[{"name":"wp","href":"https:\/\/api.w.org\/{rel}","templated":true}]}}