{"id":23551,"date":"2024-04-18T14:10:44","date_gmt":"2024-04-18T14:10:44","guid":{"rendered":"https:\/\/rodess-dz.com\/?post_type=product&#038;p=23551"},"modified":"2024-04-18T14:10:44","modified_gmt":"2024-04-18T14:10:44","slug":"sac-a-dos-32","status":"publish","type":"product","link":"https:\/\/rodess-dz.com\/en\/product\/sac-a-dos-32\/","title":{"rendered":"Sac A Dos"},"content":{"rendered":"<p>sac a dos RD78 sac a dos pour ordinateur portable est fabriqu\u00e9 en bon tissu poly,bien pour l&rsquo;environnement dot\u00e9 d&rsquo;une nouvelle fonction imperm\u00e9able tr\u00e8s durable de quatre poche,R\u00e9siste \u00e0 l&rsquo;eau<\/p>","protected":false},"excerpt":{"rendered":"<p>sac a dos RD78 sac a dos pour ordinateur portable est fabriqu\u00e9 en bon tissu poly,bien pour l&rsquo;environnement dot\u00e9 d&rsquo;une nouvelle fonction imperm\u00e9able tr\u00e8s durable de quatre poche,R\u00e9siste \u00e0 l&rsquo;eau<\/p>","protected":false},"featured_media":23438,"template":"","meta":{"om_disable_all_campaigns":false,"_monsterinsights_skip_tracking":false,"_monsterinsights_sitenote_active":false,"_monsterinsights_sitenote_note":"","_monsterinsights_sitenote_category":0,"_uf_show_specific_survey":0,"_uf_disable_surveys":false},"product_cat":[198,165],"product_tag":[],"aioseo_notices":[],"_links":{"self":[{"href":"https:\/\/rodess-dz.com\/en\/wp-json\/wp\/v2\/product\/23551"}],"collection":[{"href":"https:\/\/rodess-dz.com\/en\/wp-json\/wp\/v2\/product"}],"about":[{"href":"https:\/\/rodess-dz.com\/en\/wp-json\/wp\/v2\/types\/product"}],"version-history":[{"count":1,"href":"https:\/\/rodess-dz.com\/en\/wp-json\/wp\/v2\/product\/23551\/revisions"}],"predecessor-version":[{"id":23553,"href":"https:\/\/rodess-dz.com\/en\/wp-json\/wp\/v2\/product\/23551\/revisions\/23553"}],"wp:featuredmedia":[{"embeddable":true,"href":"https:\/\/rodess-dz.com\/en\/wp-json\/wp\/v2\/media\/23438"}],"wp:attachment":[{"href":"https:\/\/rodess-dz.com\/en\/wp-json\/wp\/v2\/media?parent=23551"}],"wp:term":[{"taxonomy":"product_cat","embeddable":true,"href":"https:\/\/rodess-dz.com\/en\/wp-json\/wp\/v2\/product_cat?post=23551"},{"taxonomy":"product_tag","embeddable":true,"href":"https:\/\/rodess-dz.com\/en\/wp-json\/wp\/v2\/product_tag?post=23551"}],"curies":[{"name":"wp","href":"https:\/\/api.w.org\/{rel}","templated":true}]}}