{"id":23543,"date":"2024-04-18T14:06:22","date_gmt":"2024-04-18T14:06:22","guid":{"rendered":"https:\/\/rodess-dz.com\/?post_type=product&#038;p=23543"},"modified":"2024-04-18T14:06:22","modified_gmt":"2024-04-18T14:06:22","slug":"sac-a-dos-28","status":"publish","type":"product","link":"https:\/\/rodess-dz.com\/en\/product\/sac-a-dos-28\/","title":{"rendered":"Sac A Dos"},"content":{"rendered":"<p>sac a dos RD16 tissu de haute qualit\u00e9 et trois poche La conception l\u00e9g\u00e8re et simpliste fait du sac \u00e0 dos pour ordinateur portable excellent choix pour les d\u00e9placements quotidiens, l&rsquo;\u00e9cole,<\/p>","protected":false},"excerpt":{"rendered":"<p>sac a dos RD16 tissu de haute qualit\u00e9 et trois poche La conception l\u00e9g\u00e8re et simpliste fait du sac \u00e0 dos pour ordinateur portable excellent choix pour les d\u00e9placements quotidiens, l&rsquo;\u00e9cole,<\/p>","protected":false},"featured_media":23462,"template":"","meta":{"om_disable_all_campaigns":false,"_monsterinsights_skip_tracking":false,"_monsterinsights_sitenote_active":false,"_monsterinsights_sitenote_note":"","_monsterinsights_sitenote_category":0,"_uf_show_specific_survey":0,"_uf_disable_surveys":false},"product_cat":[198,165],"product_tag":[],"aioseo_notices":[],"_links":{"self":[{"href":"https:\/\/rodess-dz.com\/en\/wp-json\/wp\/v2\/product\/23543"}],"collection":[{"href":"https:\/\/rodess-dz.com\/en\/wp-json\/wp\/v2\/product"}],"about":[{"href":"https:\/\/rodess-dz.com\/en\/wp-json\/wp\/v2\/types\/product"}],"version-history":[{"count":1,"href":"https:\/\/rodess-dz.com\/en\/wp-json\/wp\/v2\/product\/23543\/revisions"}],"predecessor-version":[{"id":23544,"href":"https:\/\/rodess-dz.com\/en\/wp-json\/wp\/v2\/product\/23543\/revisions\/23544"}],"wp:featuredmedia":[{"embeddable":true,"href":"https:\/\/rodess-dz.com\/en\/wp-json\/wp\/v2\/media\/23462"}],"wp:attachment":[{"href":"https:\/\/rodess-dz.com\/en\/wp-json\/wp\/v2\/media?parent=23543"}],"wp:term":[{"taxonomy":"product_cat","embeddable":true,"href":"https:\/\/rodess-dz.com\/en\/wp-json\/wp\/v2\/product_cat?post=23543"},{"taxonomy":"product_tag","embeddable":true,"href":"https:\/\/rodess-dz.com\/en\/wp-json\/wp\/v2\/product_tag?post=23543"}],"curies":[{"name":"wp","href":"https:\/\/api.w.org\/{rel}","templated":true}]}}