{"id":23530,"date":"2024-04-18T14:00:36","date_gmt":"2024-04-18T14:00:36","guid":{"rendered":"https:\/\/rodess-dz.com\/?post_type=product&#038;p=23530"},"modified":"2024-04-18T14:00:36","modified_gmt":"2024-04-18T14:00:36","slug":"sac-a-dos-22","status":"publish","type":"product","link":"https:\/\/rodess-dz.com\/en\/product\/sac-a-dos-22\/","title":{"rendered":"Sac A Dos"},"content":{"rendered":"<p>sac a dos RD87 tissu en nylon ind\u00e9chirable,doublant en polyester de haute qualit\u00e9. L\u00e9ger, r\u00e9sistant et facile \u00e0 nettoyer.<\/p>","protected":false},"excerpt":{"rendered":"<p>sac a dos RD87 tissu en nylon ind\u00e9chirable,doublant en polyester de haute qualit\u00e9. L\u00e9ger, r\u00e9sistant et facile \u00e0 nettoyer.<\/p>","protected":false},"featured_media":23485,"template":"","meta":{"om_disable_all_campaigns":false,"_monsterinsights_skip_tracking":false,"_monsterinsights_sitenote_active":false,"_monsterinsights_sitenote_note":"","_monsterinsights_sitenote_category":0,"_uf_show_specific_survey":0,"_uf_disable_surveys":false},"product_cat":[198,165],"product_tag":[],"aioseo_notices":[],"_links":{"self":[{"href":"https:\/\/rodess-dz.com\/en\/wp-json\/wp\/v2\/product\/23530"}],"collection":[{"href":"https:\/\/rodess-dz.com\/en\/wp-json\/wp\/v2\/product"}],"about":[{"href":"https:\/\/rodess-dz.com\/en\/wp-json\/wp\/v2\/types\/product"}],"version-history":[{"count":1,"href":"https:\/\/rodess-dz.com\/en\/wp-json\/wp\/v2\/product\/23530\/revisions"}],"predecessor-version":[{"id":23533,"href":"https:\/\/rodess-dz.com\/en\/wp-json\/wp\/v2\/product\/23530\/revisions\/23533"}],"wp:featuredmedia":[{"embeddable":true,"href":"https:\/\/rodess-dz.com\/en\/wp-json\/wp\/v2\/media\/23485"}],"wp:attachment":[{"href":"https:\/\/rodess-dz.com\/en\/wp-json\/wp\/v2\/media?parent=23530"}],"wp:term":[{"taxonomy":"product_cat","embeddable":true,"href":"https:\/\/rodess-dz.com\/en\/wp-json\/wp\/v2\/product_cat?post=23530"},{"taxonomy":"product_tag","embeddable":true,"href":"https:\/\/rodess-dz.com\/en\/wp-json\/wp\/v2\/product_tag?post=23530"}],"curies":[{"name":"wp","href":"https:\/\/api.w.org\/{rel}","templated":true}]}}