{"id":23528,"date":"2024-04-18T13:59:49","date_gmt":"2024-04-18T13:59:49","guid":{"rendered":"https:\/\/rodess-dz.com\/?post_type=product&#038;p=23528"},"modified":"2024-04-18T13:59:49","modified_gmt":"2024-04-18T13:59:49","slug":"sac-a-dos-21","status":"publish","type":"product","link":"https:\/\/rodess-dz.com\/en\/product\/sac-a-dos-21\/","title":{"rendered":"Sac A Dos"},"content":{"rendered":"<p>sac a dos RD51 imperm\u00e9able, l\u00e9ger mais solide Parfait pour l\u2019\u00e9cole et les sorties quotidiennes mat\u00e9riau r\u00e9sistant \u00e0 l&rsquo;abrasion et \u00e0 l&rsquo;eau offre une protection contre la pluie l\u00e9g\u00e8re<\/p>","protected":false},"excerpt":{"rendered":"<p>sac a dos RD51 imperm\u00e9able, l\u00e9ger mais solide Parfait pour l\u2019\u00e9cole et les sorties quotidiennes mat\u00e9riau r\u00e9sistant \u00e0 l&rsquo;abrasion et \u00e0 l&rsquo;eau offre une protection contre la pluie l\u00e9g\u00e8re<\/p>","protected":false},"featured_media":23488,"template":"","meta":{"om_disable_all_campaigns":false,"_monsterinsights_skip_tracking":false,"_monsterinsights_sitenote_active":false,"_monsterinsights_sitenote_note":"","_monsterinsights_sitenote_category":0,"_uf_show_specific_survey":0,"_uf_disable_surveys":false},"product_cat":[198,165],"product_tag":[],"aioseo_notices":[],"_links":{"self":[{"href":"https:\/\/rodess-dz.com\/en\/wp-json\/wp\/v2\/product\/23528"}],"collection":[{"href":"https:\/\/rodess-dz.com\/en\/wp-json\/wp\/v2\/product"}],"about":[{"href":"https:\/\/rodess-dz.com\/en\/wp-json\/wp\/v2\/types\/product"}],"version-history":[{"count":1,"href":"https:\/\/rodess-dz.com\/en\/wp-json\/wp\/v2\/product\/23528\/revisions"}],"predecessor-version":[{"id":23531,"href":"https:\/\/rodess-dz.com\/en\/wp-json\/wp\/v2\/product\/23528\/revisions\/23531"}],"wp:featuredmedia":[{"embeddable":true,"href":"https:\/\/rodess-dz.com\/en\/wp-json\/wp\/v2\/media\/23488"}],"wp:attachment":[{"href":"https:\/\/rodess-dz.com\/en\/wp-json\/wp\/v2\/media?parent=23528"}],"wp:term":[{"taxonomy":"product_cat","embeddable":true,"href":"https:\/\/rodess-dz.com\/en\/wp-json\/wp\/v2\/product_cat?post=23528"},{"taxonomy":"product_tag","embeddable":true,"href":"https:\/\/rodess-dz.com\/en\/wp-json\/wp\/v2\/product_tag?post=23528"}],"curies":[{"name":"wp","href":"https:\/\/api.w.org\/{rel}","templated":true}]}}