{"id":23512,"date":"2024-04-18T13:42:41","date_gmt":"2024-04-18T13:42:41","guid":{"rendered":"https:\/\/rodess-dz.com\/?post_type=product&#038;p=23512"},"modified":"2024-04-18T13:42:50","modified_gmt":"2024-04-18T13:42:50","slug":"sac-a-dos-14","status":"publish","type":"product","link":"https:\/\/rodess-dz.com\/en\/product\/sac-a-dos-14\/","title":{"rendered":"Sac A Dos"},"content":{"rendered":"<p>sac a dos RD10 Sac \u00e0 dos ordinateur portable,Passant au dos sur tous les mod\u00e8les de quatre poche, tissu haute qualit\u00e9<\/p>","protected":false},"excerpt":{"rendered":"<p>sac a dos RD10 Sac \u00e0 dos ordinateur portable,Passant au dos sur tous les mod\u00e8les de quatre poche, tissu haute qualit\u00e9<\/p>","protected":false},"featured_media":23502,"template":"","meta":{"om_disable_all_campaigns":false,"_monsterinsights_skip_tracking":false,"_monsterinsights_sitenote_active":false,"_monsterinsights_sitenote_note":"","_monsterinsights_sitenote_category":0,"_uf_show_specific_survey":0,"_uf_disable_surveys":false},"product_cat":[198,165],"product_tag":[],"aioseo_notices":[],"_links":{"self":[{"href":"https:\/\/rodess-dz.com\/en\/wp-json\/wp\/v2\/product\/23512"}],"collection":[{"href":"https:\/\/rodess-dz.com\/en\/wp-json\/wp\/v2\/product"}],"about":[{"href":"https:\/\/rodess-dz.com\/en\/wp-json\/wp\/v2\/types\/product"}],"version-history":[{"count":1,"href":"https:\/\/rodess-dz.com\/en\/wp-json\/wp\/v2\/product\/23512\/revisions"}],"predecessor-version":[{"id":23514,"href":"https:\/\/rodess-dz.com\/en\/wp-json\/wp\/v2\/product\/23512\/revisions\/23514"}],"wp:featuredmedia":[{"embeddable":true,"href":"https:\/\/rodess-dz.com\/en\/wp-json\/wp\/v2\/media\/23502"}],"wp:attachment":[{"href":"https:\/\/rodess-dz.com\/en\/wp-json\/wp\/v2\/media?parent=23512"}],"wp:term":[{"taxonomy":"product_cat","embeddable":true,"href":"https:\/\/rodess-dz.com\/en\/wp-json\/wp\/v2\/product_cat?post=23512"},{"taxonomy":"product_tag","embeddable":true,"href":"https:\/\/rodess-dz.com\/en\/wp-json\/wp\/v2\/product_tag?post=23512"}],"curies":[{"name":"wp","href":"https:\/\/api.w.org\/{rel}","templated":true}]}}