{"id":23471,"date":"2024-04-18T13:03:02","date_gmt":"2024-04-18T13:03:02","guid":{"rendered":"https:\/\/rodess-dz.com\/?post_type=product&#038;p=23471"},"modified":"2024-04-18T13:03:03","modified_gmt":"2024-04-18T13:03:03","slug":"sac-a-dos-10","status":"publish","type":"product","link":"https:\/\/rodess-dz.com\/en\/product\/sac-a-dos-10\/","title":{"rendered":"Sac A Dos"},"content":{"rendered":"<p>sac a dos RD76 Ce sac PC est con\u00e7u pour s&rsquo;adapter \u00e0 votre ordinateurSac en nylon ultra-r\u00e9sistant au design compact sophistiqu\u00e9 id\u00e9al pour les professionnels , fait \u00e0 partir de mat\u00e9riaux de qualit\u00e9 et r\u00e9sistants aux intemp\u00e9rie<\/p>","protected":false},"excerpt":{"rendered":"<p>sac a dos RD76 Ce sac PC est con\u00e7u pour s&rsquo;adapter \u00e0 votre ordinateurSac en nylon ultra-r\u00e9sistant au design compact sophistiqu\u00e9 id\u00e9al pour les professionnels , fait \u00e0 partir de mat\u00e9riaux de qualit\u00e9 et r\u00e9sistants aux intemp\u00e9rie<\/p>","protected":false},"featured_media":23373,"template":"","meta":{"om_disable_all_campaigns":false,"_monsterinsights_skip_tracking":false,"_monsterinsights_sitenote_active":false,"_monsterinsights_sitenote_note":"","_monsterinsights_sitenote_category":0,"_uf_show_specific_survey":0,"_uf_disable_surveys":false},"product_cat":[198,165],"product_tag":[],"aioseo_notices":[],"_links":{"self":[{"href":"https:\/\/rodess-dz.com\/en\/wp-json\/wp\/v2\/product\/23471"}],"collection":[{"href":"https:\/\/rodess-dz.com\/en\/wp-json\/wp\/v2\/product"}],"about":[{"href":"https:\/\/rodess-dz.com\/en\/wp-json\/wp\/v2\/types\/product"}],"version-history":[{"count":1,"href":"https:\/\/rodess-dz.com\/en\/wp-json\/wp\/v2\/product\/23471\/revisions"}],"predecessor-version":[{"id":23473,"href":"https:\/\/rodess-dz.com\/en\/wp-json\/wp\/v2\/product\/23471\/revisions\/23473"}],"wp:featuredmedia":[{"embeddable":true,"href":"https:\/\/rodess-dz.com\/en\/wp-json\/wp\/v2\/media\/23373"}],"wp:attachment":[{"href":"https:\/\/rodess-dz.com\/en\/wp-json\/wp\/v2\/media?parent=23471"}],"wp:term":[{"taxonomy":"product_cat","embeddable":true,"href":"https:\/\/rodess-dz.com\/en\/wp-json\/wp\/v2\/product_cat?post=23471"},{"taxonomy":"product_tag","embeddable":true,"href":"https:\/\/rodess-dz.com\/en\/wp-json\/wp\/v2\/product_tag?post=23471"}],"curies":[{"name":"wp","href":"https:\/\/api.w.org\/{rel}","templated":true}]}}