{"id":23464,"date":"2024-04-18T12:59:57","date_gmt":"2024-04-18T12:59:57","guid":{"rendered":"https:\/\/rodess-dz.com\/?post_type=product&#038;p=23464"},"modified":"2024-04-18T12:59:57","modified_gmt":"2024-04-18T12:59:57","slug":"sac-a-dos-8","status":"publish","type":"product","link":"https:\/\/rodess-dz.com\/en\/product\/sac-a-dos-8\/","title":{"rendered":"Sac A Dos"},"content":{"rendered":"<p>sac a dos RD97 Mat\u00e9riel de haute qualit\u00e9: Le sac \u00e0 dos pour ordinateur portable est fabriqu\u00e9 en bon tissu poly, bien pour l&rsquo;environnement dot\u00e9 d&rsquo;une nouvelle fonction imperm\u00e9able tr\u00e8s durable.<\/p>","protected":false},"excerpt":{"rendered":"<p>sac a dos RD97 Mat\u00e9riel de haute qualit\u00e9: Le sac \u00e0 dos pour ordinateur portable est fabriqu\u00e9 en bon tissu poly, bien pour l&rsquo;environnement dot\u00e9 d&rsquo;une nouvelle fonction imperm\u00e9able tr\u00e8s durable.<\/p>","protected":false},"featured_media":23380,"template":"","meta":{"om_disable_all_campaigns":false,"_monsterinsights_skip_tracking":false,"_monsterinsights_sitenote_active":false,"_monsterinsights_sitenote_note":"","_monsterinsights_sitenote_category":0,"_uf_show_specific_survey":0,"_uf_disable_surveys":false},"product_cat":[198,165],"product_tag":[],"aioseo_notices":[],"_links":{"self":[{"href":"https:\/\/rodess-dz.com\/en\/wp-json\/wp\/v2\/product\/23464"}],"collection":[{"href":"https:\/\/rodess-dz.com\/en\/wp-json\/wp\/v2\/product"}],"about":[{"href":"https:\/\/rodess-dz.com\/en\/wp-json\/wp\/v2\/types\/product"}],"version-history":[{"count":1,"href":"https:\/\/rodess-dz.com\/en\/wp-json\/wp\/v2\/product\/23464\/revisions"}],"predecessor-version":[{"id":23466,"href":"https:\/\/rodess-dz.com\/en\/wp-json\/wp\/v2\/product\/23464\/revisions\/23466"}],"wp:featuredmedia":[{"embeddable":true,"href":"https:\/\/rodess-dz.com\/en\/wp-json\/wp\/v2\/media\/23380"}],"wp:attachment":[{"href":"https:\/\/rodess-dz.com\/en\/wp-json\/wp\/v2\/media?parent=23464"}],"wp:term":[{"taxonomy":"product_cat","embeddable":true,"href":"https:\/\/rodess-dz.com\/en\/wp-json\/wp\/v2\/product_cat?post=23464"},{"taxonomy":"product_tag","embeddable":true,"href":"https:\/\/rodess-dz.com\/en\/wp-json\/wp\/v2\/product_tag?post=23464"}],"curies":[{"name":"wp","href":"https:\/\/api.w.org\/{rel}","templated":true}]}}