{"id":23449,"date":"2024-04-18T12:54:40","date_gmt":"2024-04-18T12:54:40","guid":{"rendered":"https:\/\/rodess-dz.com\/?post_type=product&#038;p=23449"},"modified":"2024-04-18T12:54:40","modified_gmt":"2024-04-18T12:54:40","slug":"sac-a-dos-4","status":"publish","type":"product","link":"https:\/\/rodess-dz.com\/en\/product\/sac-a-dos-4\/","title":{"rendered":"Sac A Dos"},"content":{"rendered":"<p>sac a dos RD42 de tissu haute qualit\u00e9 orthopidique ce sac \u00e0 fermeture \u00e9clair avec des caract\u00e9ristiques de s\u00e9curit\u00e9 am\u00e9lior\u00e9es a quatre poche<\/p>","protected":false},"excerpt":{"rendered":"<p>sac a dos RD42 de tissu haute qualit\u00e9 orthopidique ce sac \u00e0 fermeture \u00e9clair avec des caract\u00e9ristiques de s\u00e9curit\u00e9 am\u00e9lior\u00e9es a quatre poche<\/p>","protected":false},"featured_media":23387,"template":"","meta":{"om_disable_all_campaigns":false,"_monsterinsights_skip_tracking":false,"_monsterinsights_sitenote_active":false,"_monsterinsights_sitenote_note":"","_monsterinsights_sitenote_category":0,"_uf_show_specific_survey":0,"_uf_disable_surveys":false},"product_cat":[198,165],"product_tag":[],"aioseo_notices":[],"_links":{"self":[{"href":"https:\/\/rodess-dz.com\/en\/wp-json\/wp\/v2\/product\/23449"}],"collection":[{"href":"https:\/\/rodess-dz.com\/en\/wp-json\/wp\/v2\/product"}],"about":[{"href":"https:\/\/rodess-dz.com\/en\/wp-json\/wp\/v2\/types\/product"}],"version-history":[{"count":2,"href":"https:\/\/rodess-dz.com\/en\/wp-json\/wp\/v2\/product\/23449\/revisions"}],"predecessor-version":[{"id":23452,"href":"https:\/\/rodess-dz.com\/en\/wp-json\/wp\/v2\/product\/23449\/revisions\/23452"}],"wp:featuredmedia":[{"embeddable":true,"href":"https:\/\/rodess-dz.com\/en\/wp-json\/wp\/v2\/media\/23387"}],"wp:attachment":[{"href":"https:\/\/rodess-dz.com\/en\/wp-json\/wp\/v2\/media?parent=23449"}],"wp:term":[{"taxonomy":"product_cat","embeddable":true,"href":"https:\/\/rodess-dz.com\/en\/wp-json\/wp\/v2\/product_cat?post=23449"},{"taxonomy":"product_tag","embeddable":true,"href":"https:\/\/rodess-dz.com\/en\/wp-json\/wp\/v2\/product_tag?post=23449"}],"curies":[{"name":"wp","href":"https:\/\/api.w.org\/{rel}","templated":true}]}}