{"id":23442,"date":"2024-04-18T12:52:12","date_gmt":"2024-04-18T12:52:12","guid":{"rendered":"https:\/\/rodess-dz.com\/?post_type=product&#038;p=23442"},"modified":"2024-04-18T12:52:12","modified_gmt":"2024-04-18T12:52:12","slug":"sac-a-dos-2","status":"publish","type":"product","link":"https:\/\/rodess-dz.com\/en\/product\/sac-a-dos-2\/","title":{"rendered":"Sac A Dos"},"content":{"rendered":"<p>\u00ab\u00a0sac a dos RD116 de tissu haute qualit\u00e9 orthopidique ce sac \u00e0 fermeture \u00e9clair avec des caract\u00e9ristiques de s\u00e9curit\u00e9 am\u00e9lior\u00e9es a quatre poche\u00a0\u00bb<\/p>","protected":false},"excerpt":{"rendered":"<p>\u00ab\u00a0sac a dos RD116 de tissu haute qualit\u00e9 orthopidique ce sac \u00e0 fermeture \u00e9clair avec des caract\u00e9ristiques de s\u00e9curit\u00e9 am\u00e9lior\u00e9es a quatre poche\u00a0\u00bb<\/p>","protected":false},"featured_media":23361,"template":"","meta":{"om_disable_all_campaigns":false,"_monsterinsights_skip_tracking":false,"_monsterinsights_sitenote_active":false,"_monsterinsights_sitenote_note":"","_monsterinsights_sitenote_category":0,"_uf_show_specific_survey":0,"_uf_disable_surveys":false},"product_cat":[198,165],"product_tag":[],"aioseo_notices":[],"_links":{"self":[{"href":"https:\/\/rodess-dz.com\/en\/wp-json\/wp\/v2\/product\/23442"}],"collection":[{"href":"https:\/\/rodess-dz.com\/en\/wp-json\/wp\/v2\/product"}],"about":[{"href":"https:\/\/rodess-dz.com\/en\/wp-json\/wp\/v2\/types\/product"}],"version-history":[{"count":2,"href":"https:\/\/rodess-dz.com\/en\/wp-json\/wp\/v2\/product\/23442\/revisions"}],"predecessor-version":[{"id":23445,"href":"https:\/\/rodess-dz.com\/en\/wp-json\/wp\/v2\/product\/23442\/revisions\/23445"}],"wp:featuredmedia":[{"embeddable":true,"href":"https:\/\/rodess-dz.com\/en\/wp-json\/wp\/v2\/media\/23361"}],"wp:attachment":[{"href":"https:\/\/rodess-dz.com\/en\/wp-json\/wp\/v2\/media?parent=23442"}],"wp:term":[{"taxonomy":"product_cat","embeddable":true,"href":"https:\/\/rodess-dz.com\/en\/wp-json\/wp\/v2\/product_cat?post=23442"},{"taxonomy":"product_tag","embeddable":true,"href":"https:\/\/rodess-dz.com\/en\/wp-json\/wp\/v2\/product_tag?post=23442"}],"curies":[{"name":"wp","href":"https:\/\/api.w.org\/{rel}","templated":true}]}}