{"id":23342,"date":"2024-04-17T14:04:08","date_gmt":"2024-04-17T14:04:08","guid":{"rendered":"https:\/\/rodess-dz.com\/?post_type=product&#038;p=23342"},"modified":"2024-04-17T14:04:08","modified_gmt":"2024-04-17T14:04:08","slug":"stylos-3","status":"publish","type":"product","link":"https:\/\/rodess-dz.com\/en\/product\/stylos-3\/","title":{"rendered":"Stylos"},"content":{"rendered":"<p>stylo seript rouge roller gel 1.0mm r\u00e9servoir g\u00e9ant rechargeable couleurs vivantes r\u00e9sistant a l&rsquo;eau<\/p>","protected":false},"excerpt":{"rendered":"<p>stylo seript rouge roller gel 1.0mm r\u00e9servoir g\u00e9ant rechargeable couleurs vivantes r\u00e9sistant a l&rsquo;eau<\/p>","protected":false},"featured_media":23236,"template":"","meta":{"om_disable_all_campaigns":false,"_monsterinsights_skip_tracking":false,"_monsterinsights_sitenote_active":false,"_monsterinsights_sitenote_note":"","_monsterinsights_sitenote_category":0,"_uf_show_specific_survey":0,"_uf_disable_surveys":false},"product_cat":[165,196,195],"product_tag":[],"aioseo_notices":[],"_links":{"self":[{"href":"https:\/\/rodess-dz.com\/en\/wp-json\/wp\/v2\/product\/23342"}],"collection":[{"href":"https:\/\/rodess-dz.com\/en\/wp-json\/wp\/v2\/product"}],"about":[{"href":"https:\/\/rodess-dz.com\/en\/wp-json\/wp\/v2\/types\/product"}],"version-history":[{"count":1,"href":"https:\/\/rodess-dz.com\/en\/wp-json\/wp\/v2\/product\/23342\/revisions"}],"predecessor-version":[{"id":23343,"href":"https:\/\/rodess-dz.com\/en\/wp-json\/wp\/v2\/product\/23342\/revisions\/23343"}],"wp:featuredmedia":[{"embeddable":true,"href":"https:\/\/rodess-dz.com\/en\/wp-json\/wp\/v2\/media\/23236"}],"wp:attachment":[{"href":"https:\/\/rodess-dz.com\/en\/wp-json\/wp\/v2\/media?parent=23342"}],"wp:term":[{"taxonomy":"product_cat","embeddable":true,"href":"https:\/\/rodess-dz.com\/en\/wp-json\/wp\/v2\/product_cat?post=23342"},{"taxonomy":"product_tag","embeddable":true,"href":"https:\/\/rodess-dz.com\/en\/wp-json\/wp\/v2\/product_tag?post=23342"}],"curies":[{"name":"wp","href":"https:\/\/api.w.org\/{rel}","templated":true}]}}