{"id":23315,"date":"2024-04-17T13:33:22","date_gmt":"2024-04-17T13:33:22","guid":{"rendered":"https:\/\/rodess-dz.com\/?post_type=product&#038;p=23315"},"modified":"2024-04-17T13:33:22","modified_gmt":"2024-04-17T13:33:22","slug":"porte-document-7","status":"publish","type":"product","link":"https:\/\/rodess-dz.com\/en\/product\/porte-document-7\/","title":{"rendered":"Porte Document"},"content":{"rendered":"<p>le prot\u00e9ge document de 240 vues 120 pochettes coloris en polypyl\u00e9neplusieur couleur pour votre prot\u00e8ge-documents identifiez le nombre pages de votre dossier et choisissez la capacit\u00e9 en cons\u00e9quence. 1 pochette = 2 vues (recto et ver<\/p>","protected":false},"excerpt":{"rendered":"<p>le prot\u00e9ge document de 240 vues 120 pochettes coloris en polypyl\u00e9neplusieur couleur pour votre prot\u00e8ge-documents identifiez le nombre pages de votre dossier et choisissez la capacit\u00e9 en cons\u00e9quence. 1 pochette = 2 vues (recto et ver<\/p>","protected":false},"featured_media":23255,"template":"","meta":{"om_disable_all_campaigns":false,"_monsterinsights_skip_tracking":false,"_monsterinsights_sitenote_active":false,"_monsterinsights_sitenote_note":"","_monsterinsights_sitenote_category":0,"_uf_show_specific_survey":0,"_uf_disable_surveys":false},"product_cat":[164,193],"product_tag":[],"aioseo_notices":[],"_links":{"self":[{"href":"https:\/\/rodess-dz.com\/en\/wp-json\/wp\/v2\/product\/23315"}],"collection":[{"href":"https:\/\/rodess-dz.com\/en\/wp-json\/wp\/v2\/product"}],"about":[{"href":"https:\/\/rodess-dz.com\/en\/wp-json\/wp\/v2\/types\/product"}],"version-history":[{"count":1,"href":"https:\/\/rodess-dz.com\/en\/wp-json\/wp\/v2\/product\/23315\/revisions"}],"predecessor-version":[{"id":23316,"href":"https:\/\/rodess-dz.com\/en\/wp-json\/wp\/v2\/product\/23315\/revisions\/23316"}],"wp:featuredmedia":[{"embeddable":true,"href":"https:\/\/rodess-dz.com\/en\/wp-json\/wp\/v2\/media\/23255"}],"wp:attachment":[{"href":"https:\/\/rodess-dz.com\/en\/wp-json\/wp\/v2\/media?parent=23315"}],"wp:term":[{"taxonomy":"product_cat","embeddable":true,"href":"https:\/\/rodess-dz.com\/en\/wp-json\/wp\/v2\/product_cat?post=23315"},{"taxonomy":"product_tag","embeddable":true,"href":"https:\/\/rodess-dz.com\/en\/wp-json\/wp\/v2\/product_tag?post=23315"}],"curies":[{"name":"wp","href":"https:\/\/api.w.org\/{rel}","templated":true}]}}