{"id":23300,"date":"2024-04-17T13:26:25","date_gmt":"2024-04-17T13:26:25","guid":{"rendered":"https:\/\/rodess-dz.com\/?post_type=product&#038;p=23300"},"modified":"2024-04-17T13:26:25","modified_gmt":"2024-04-17T13:26:25","slug":"pochette","status":"publish","type":"product","link":"https:\/\/rodess-dz.com\/en\/product\/pochette\/","title":{"rendered":"Pochette"},"content":{"rendered":"<p>100 pochette perfor\u00e9es haute r\u00e9sistance 30mic polypropyl\u00e9ne transparent A4 Perfor\u00e9es Pochettes id\u00e9ales pour une utilisation r\u00e9p\u00e9t\u00e9e des document<\/p>","protected":false},"excerpt":{"rendered":"<p>100 pochette perfor\u00e9es haute r\u00e9sistance 30mic polypropyl\u00e9ne transparent A4 Perfor\u00e9es Pochettes id\u00e9ales pour une utilisation r\u00e9p\u00e9t\u00e9e des document<\/p>","protected":false},"featured_media":23265,"template":"","meta":{"om_disable_all_campaigns":false,"_monsterinsights_skip_tracking":false,"_monsterinsights_sitenote_active":false,"_monsterinsights_sitenote_note":"","_monsterinsights_sitenote_category":0,"_uf_show_specific_survey":0,"_uf_disable_surveys":false},"product_cat":[164,192],"product_tag":[],"aioseo_notices":[],"_links":{"self":[{"href":"https:\/\/rodess-dz.com\/en\/wp-json\/wp\/v2\/product\/23300"}],"collection":[{"href":"https:\/\/rodess-dz.com\/en\/wp-json\/wp\/v2\/product"}],"about":[{"href":"https:\/\/rodess-dz.com\/en\/wp-json\/wp\/v2\/types\/product"}],"version-history":[{"count":1,"href":"https:\/\/rodess-dz.com\/en\/wp-json\/wp\/v2\/product\/23300\/revisions"}],"predecessor-version":[{"id":23301,"href":"https:\/\/rodess-dz.com\/en\/wp-json\/wp\/v2\/product\/23300\/revisions\/23301"}],"wp:featuredmedia":[{"embeddable":true,"href":"https:\/\/rodess-dz.com\/en\/wp-json\/wp\/v2\/media\/23265"}],"wp:attachment":[{"href":"https:\/\/rodess-dz.com\/en\/wp-json\/wp\/v2\/media?parent=23300"}],"wp:term":[{"taxonomy":"product_cat","embeddable":true,"href":"https:\/\/rodess-dz.com\/en\/wp-json\/wp\/v2\/product_cat?post=23300"},{"taxonomy":"product_tag","embeddable":true,"href":"https:\/\/rodess-dz.com\/en\/wp-json\/wp\/v2\/product_tag?post=23300"}],"curies":[{"name":"wp","href":"https:\/\/api.w.org\/{rel}","templated":true}]}}