{"id":23202,"date":"2024-04-17T09:42:25","date_gmt":"2024-04-17T09:42:25","guid":{"rendered":"https:\/\/rodess-dz.com\/?post_type=product&#038;p=23202"},"modified":"2024-04-17T09:42:25","modified_gmt":"2024-04-17T09:42:25","slug":"calculatrice-2","status":"publish","type":"product","link":"https:\/\/rodess-dz.com\/en\/product\/calculatrice-2\/","title":{"rendered":"Calculatrice"},"content":{"rendered":"<p>calculatrice \u00e9lectronique noir de 12 chiffre grand ecran double source d&rsquo;energie solaire id\u00e9ale pour la maison,le bureau ou l&rsquo;\u00e9cole,<\/p>","protected":false},"excerpt":{"rendered":"<p>calculatrice \u00e9lectronique noir de 12 chiffre grand ecran double source d&rsquo;energie solaire id\u00e9ale pour la maison,le bureau ou l&rsquo;\u00e9cole,<\/p>","protected":false},"featured_media":23198,"template":"","meta":{"om_disable_all_campaigns":false,"_monsterinsights_skip_tracking":false,"_monsterinsights_sitenote_active":false,"_monsterinsights_sitenote_note":"","_monsterinsights_sitenote_category":0,"_uf_show_specific_survey":0,"_uf_disable_surveys":false},"product_cat":[164,185],"product_tag":[],"aioseo_notices":[],"_links":{"self":[{"href":"https:\/\/rodess-dz.com\/en\/wp-json\/wp\/v2\/product\/23202"}],"collection":[{"href":"https:\/\/rodess-dz.com\/en\/wp-json\/wp\/v2\/product"}],"about":[{"href":"https:\/\/rodess-dz.com\/en\/wp-json\/wp\/v2\/types\/product"}],"version-history":[{"count":2,"href":"https:\/\/rodess-dz.com\/en\/wp-json\/wp\/v2\/product\/23202\/revisions"}],"predecessor-version":[{"id":23593,"href":"https:\/\/rodess-dz.com\/en\/wp-json\/wp\/v2\/product\/23202\/revisions\/23593"}],"wp:featuredmedia":[{"embeddable":true,"href":"https:\/\/rodess-dz.com\/en\/wp-json\/wp\/v2\/media\/23198"}],"wp:attachment":[{"href":"https:\/\/rodess-dz.com\/en\/wp-json\/wp\/v2\/media?parent=23202"}],"wp:term":[{"taxonomy":"product_cat","embeddable":true,"href":"https:\/\/rodess-dz.com\/en\/wp-json\/wp\/v2\/product_cat?post=23202"},{"taxonomy":"product_tag","embeddable":true,"href":"https:\/\/rodess-dz.com\/en\/wp-json\/wp\/v2\/product_tag?post=23202"}],"curies":[{"name":"wp","href":"https:\/\/api.w.org\/{rel}","templated":true}]}}