{"id":23197,"date":"2024-04-17T09:41:33","date_gmt":"2024-04-17T09:41:33","guid":{"rendered":"https:\/\/rodess-dz.com\/?post_type=product&#038;p=23197"},"modified":"2024-04-17T09:41:33","modified_gmt":"2024-04-17T09:41:33","slug":"calculatrice","status":"publish","type":"product","link":"https:\/\/rodess-dz.com\/en\/product\/calculatrice\/","title":{"rendered":"Calculatrice"},"content":{"rendered":"<p>calculatrice \u00e9lectronique blanc de 12 chiffre grand ecran double source d&rsquo;energie solaire id\u00e9ale pour la maison,le bureau ou l&rsquo;\u00e9cole,<\/p>","protected":false},"excerpt":{"rendered":"<p>calculatrice \u00e9lectronique blanc de 12 chiffre grand ecran double source d&rsquo;energie solaire id\u00e9ale pour la maison,le bureau ou l&rsquo;\u00e9cole,<\/p>","protected":false},"featured_media":23196,"template":"","meta":{"om_disable_all_campaigns":false,"_monsterinsights_skip_tracking":false,"_monsterinsights_sitenote_active":false,"_monsterinsights_sitenote_note":"","_monsterinsights_sitenote_category":0,"_uf_show_specific_survey":0,"_uf_disable_surveys":false},"product_cat":[164,185],"product_tag":[],"aioseo_notices":[],"_links":{"self":[{"href":"https:\/\/rodess-dz.com\/en\/wp-json\/wp\/v2\/product\/23197"}],"collection":[{"href":"https:\/\/rodess-dz.com\/en\/wp-json\/wp\/v2\/product"}],"about":[{"href":"https:\/\/rodess-dz.com\/en\/wp-json\/wp\/v2\/types\/product"}],"version-history":[{"count":1,"href":"https:\/\/rodess-dz.com\/en\/wp-json\/wp\/v2\/product\/23197\/revisions"}],"predecessor-version":[{"id":23201,"href":"https:\/\/rodess-dz.com\/en\/wp-json\/wp\/v2\/product\/23197\/revisions\/23201"}],"wp:featuredmedia":[{"embeddable":true,"href":"https:\/\/rodess-dz.com\/en\/wp-json\/wp\/v2\/media\/23196"}],"wp:attachment":[{"href":"https:\/\/rodess-dz.com\/en\/wp-json\/wp\/v2\/media?parent=23197"}],"wp:term":[{"taxonomy":"product_cat","embeddable":true,"href":"https:\/\/rodess-dz.com\/en\/wp-json\/wp\/v2\/product_cat?post=23197"},{"taxonomy":"product_tag","embeddable":true,"href":"https:\/\/rodess-dz.com\/en\/wp-json\/wp\/v2\/product_tag?post=23197"}],"curies":[{"name":"wp","href":"https:\/\/api.w.org\/{rel}","templated":true}]}}