{"id":23580,"date":"2024-04-18T14:28:06","date_gmt":"2024-04-18T14:28:06","guid":{"rendered":"https:\/\/rodess-dz.com\/?post_type=product&#038;p=23580"},"modified":"2024-04-18T14:28:06","modified_gmt":"2024-04-18T14:28:06","slug":"sac-a-dos-42","status":"publish","type":"product","link":"https:\/\/rodess-dz.com\/ar\/product\/sac-a-dos-42\/","title":{"rendered":"Sac A Dos"},"content":{"rendered":"<p>sac a dos RD89 Sac d ecole fille Tissu en nylon de haute qualit\u00e9 Tissu hydrofuge, ne se d\u00e9colore pas, est inodore, \u00e9cologique et sain. Cela peut prot\u00e9ger vos affaires int\u00e9rieures de la bruine.Convient aux adolescents comme sac \u00e0 dos d&rsquo;\u00e9cole pour un usage quotidien et les voyages, etc.<\/p>","protected":false},"excerpt":{"rendered":"<p>sac a dos RD89 Sac d ecole fille Tissu en nylon de haute qualit\u00e9 Tissu hydrofuge, ne se d\u00e9colore pas, est inodore, \u00e9cologique et sain. Cela peut prot\u00e9ger vos affaires int\u00e9rieures de la bruine.Convient aux adolescents comme sac \u00e0 dos d&rsquo;\u00e9cole pour un usage quotidien et les voyages, etc.<\/p>","protected":false},"featured_media":23392,"template":"","meta":{"om_disable_all_campaigns":false,"_monsterinsights_skip_tracking":false,"_monsterinsights_sitenote_active":false,"_monsterinsights_sitenote_note":"","_monsterinsights_sitenote_category":0,"_uf_show_specific_survey":0,"_uf_disable_surveys":false},"product_cat":[198,165],"product_tag":[],"aioseo_notices":[],"_links":{"self":[{"href":"https:\/\/rodess-dz.com\/ar\/wp-json\/wp\/v2\/product\/23580"}],"collection":[{"href":"https:\/\/rodess-dz.com\/ar\/wp-json\/wp\/v2\/product"}],"about":[{"href":"https:\/\/rodess-dz.com\/ar\/wp-json\/wp\/v2\/types\/product"}],"version-history":[{"count":1,"href":"https:\/\/rodess-dz.com\/ar\/wp-json\/wp\/v2\/product\/23580\/revisions"}],"predecessor-version":[{"id":23581,"href":"https:\/\/rodess-dz.com\/ar\/wp-json\/wp\/v2\/product\/23580\/revisions\/23581"}],"wp:featuredmedia":[{"embeddable":true,"href":"https:\/\/rodess-dz.com\/ar\/wp-json\/wp\/v2\/media\/23392"}],"wp:attachment":[{"href":"https:\/\/rodess-dz.com\/ar\/wp-json\/wp\/v2\/media?parent=23580"}],"wp:term":[{"taxonomy":"product_cat","embeddable":true,"href":"https:\/\/rodess-dz.com\/ar\/wp-json\/wp\/v2\/product_cat?post=23580"},{"taxonomy":"product_tag","embeddable":true,"href":"https:\/\/rodess-dz.com\/ar\/wp-json\/wp\/v2\/product_tag?post=23580"}],"curies":[{"name":"wp","href":"https:\/\/api.w.org\/{rel}","templated":true}]}}