{"id":23577,"date":"2024-04-18T14:26:58","date_gmt":"2024-04-18T14:26:58","guid":{"rendered":"https:\/\/rodess-dz.com\/?post_type=product&#038;p=23577"},"modified":"2024-04-18T14:26:58","modified_gmt":"2024-04-18T14:26:58","slug":"cartable-4","status":"publish","type":"product","link":"https:\/\/rodess-dz.com\/ar\/product\/cartable-4\/","title":{"rendered":"Cartable"},"content":{"rendered":"<p>cartabl RD94 Sacoche pour Ordinateur Portable avec trois Poches de Rangement Emportez votre chargeur, t\u00e9l\u00e9phone, portefeuille et tout ce dont vous avez besoin dans le compartiment avant \u00e0 fermeture \u00e9clair de ce sac<\/p>","protected":false},"excerpt":{"rendered":"<p>cartabl RD94 Sacoche pour Ordinateur Portable avec trois Poches de Rangement Emportez votre chargeur, t\u00e9l\u00e9phone, portefeuille et tout ce dont vous avez besoin dans le compartiment avant \u00e0 fermeture \u00e9clair de ce sac<\/p>","protected":false},"featured_media":23393,"template":"","meta":{"om_disable_all_campaigns":false,"_monsterinsights_skip_tracking":false,"_monsterinsights_sitenote_active":false,"_monsterinsights_sitenote_note":"","_monsterinsights_sitenote_category":0,"_uf_show_specific_survey":0,"_uf_disable_surveys":false},"product_cat":[164,199],"product_tag":[],"aioseo_notices":[],"_links":{"self":[{"href":"https:\/\/rodess-dz.com\/ar\/wp-json\/wp\/v2\/product\/23577"}],"collection":[{"href":"https:\/\/rodess-dz.com\/ar\/wp-json\/wp\/v2\/product"}],"about":[{"href":"https:\/\/rodess-dz.com\/ar\/wp-json\/wp\/v2\/types\/product"}],"version-history":[{"count":1,"href":"https:\/\/rodess-dz.com\/ar\/wp-json\/wp\/v2\/product\/23577\/revisions"}],"predecessor-version":[{"id":23579,"href":"https:\/\/rodess-dz.com\/ar\/wp-json\/wp\/v2\/product\/23577\/revisions\/23579"}],"wp:featuredmedia":[{"embeddable":true,"href":"https:\/\/rodess-dz.com\/ar\/wp-json\/wp\/v2\/media\/23393"}],"wp:attachment":[{"href":"https:\/\/rodess-dz.com\/ar\/wp-json\/wp\/v2\/media?parent=23577"}],"wp:term":[{"taxonomy":"product_cat","embeddable":true,"href":"https:\/\/rodess-dz.com\/ar\/wp-json\/wp\/v2\/product_cat?post=23577"},{"taxonomy":"product_tag","embeddable":true,"href":"https:\/\/rodess-dz.com\/ar\/wp-json\/wp\/v2\/product_tag?post=23577"}],"curies":[{"name":"wp","href":"https:\/\/api.w.org\/{rel}","templated":true}]}}