{"id":23547,"date":"2024-04-18T14:08:39","date_gmt":"2024-04-18T14:08:39","guid":{"rendered":"https:\/\/rodess-dz.com\/?post_type=product&#038;p=23547"},"modified":"2024-04-18T14:08:39","modified_gmt":"2024-04-18T14:08:39","slug":"sac-a-dos-30","status":"publish","type":"product","link":"https:\/\/rodess-dz.com\/ar\/product\/sac-a-dos-30\/","title":{"rendered":"Sac A Dos"},"content":{"rendered":"<p>sac a dos RD15 ce sac \u00e0 dos moderne, il est facile de garder l&rsquo;ordre. Le compartiment principal est \u00e9quip\u00e9 d&rsquo;un porte-documents pratique, tandis que votre ordinateur portable peut \u00eatre plac\u00e9 dans un compartiment \u00e9tanche sp\u00e9cial.<\/p>","protected":false},"excerpt":{"rendered":"<p>sac a dos RD15 ce sac \u00e0 dos moderne, il est facile de garder l&rsquo;ordre. Le compartiment principal est \u00e9quip\u00e9 d&rsquo;un porte-documents pratique, tandis que votre ordinateur portable peut \u00eatre plac\u00e9 dans un compartiment \u00e9tanche sp\u00e9cial.<\/p>","protected":false},"featured_media":23447,"template":"","meta":{"om_disable_all_campaigns":false,"_monsterinsights_skip_tracking":false,"_monsterinsights_sitenote_active":false,"_monsterinsights_sitenote_note":"","_monsterinsights_sitenote_category":0,"_uf_show_specific_survey":0,"_uf_disable_surveys":false},"product_cat":[198,165],"product_tag":[],"aioseo_notices":[],"_links":{"self":[{"href":"https:\/\/rodess-dz.com\/ar\/wp-json\/wp\/v2\/product\/23547"}],"collection":[{"href":"https:\/\/rodess-dz.com\/ar\/wp-json\/wp\/v2\/product"}],"about":[{"href":"https:\/\/rodess-dz.com\/ar\/wp-json\/wp\/v2\/types\/product"}],"version-history":[{"count":1,"href":"https:\/\/rodess-dz.com\/ar\/wp-json\/wp\/v2\/product\/23547\/revisions"}],"predecessor-version":[{"id":23549,"href":"https:\/\/rodess-dz.com\/ar\/wp-json\/wp\/v2\/product\/23547\/revisions\/23549"}],"wp:featuredmedia":[{"embeddable":true,"href":"https:\/\/rodess-dz.com\/ar\/wp-json\/wp\/v2\/media\/23447"}],"wp:attachment":[{"href":"https:\/\/rodess-dz.com\/ar\/wp-json\/wp\/v2\/media?parent=23547"}],"wp:term":[{"taxonomy":"product_cat","embeddable":true,"href":"https:\/\/rodess-dz.com\/ar\/wp-json\/wp\/v2\/product_cat?post=23547"},{"taxonomy":"product_tag","embeddable":true,"href":"https:\/\/rodess-dz.com\/ar\/wp-json\/wp\/v2\/product_tag?post=23547"}],"curies":[{"name":"wp","href":"https:\/\/api.w.org\/{rel}","templated":true}]}}