{"id":23541,"date":"2024-04-18T14:05:12","date_gmt":"2024-04-18T14:05:12","guid":{"rendered":"https:\/\/rodess-dz.com\/?post_type=product&#038;p=23541"},"modified":"2024-04-18T14:05:12","modified_gmt":"2024-04-18T14:05:12","slug":"sac-a-dos-27","status":"publish","type":"product","link":"https:\/\/rodess-dz.com\/ar\/product\/sac-a-dos-27\/","title":{"rendered":"Sac A Dos"},"content":{"rendered":"<p>sac a dos RD13 Le sac \u00e0 dos scolaire pour gar\u00e7ons est fabriqu\u00e9 en tissu nylon r\u00e9sistant, l\u00e9ger, durable, bien cousu, imperm\u00e9able et facile \u00e0 nettoyer,<\/p>","protected":false},"excerpt":{"rendered":"<p>sac a dos RD13 Le sac \u00e0 dos scolaire pour gar\u00e7ons est fabriqu\u00e9 en tissu nylon r\u00e9sistant, l\u00e9ger, durable, bien cousu, imperm\u00e9able et facile \u00e0 nettoyer,<\/p>","protected":false},"featured_media":23468,"template":"","meta":{"om_disable_all_campaigns":false,"_monsterinsights_skip_tracking":false,"_monsterinsights_sitenote_active":false,"_monsterinsights_sitenote_note":"","_monsterinsights_sitenote_category":0,"_uf_show_specific_survey":0,"_uf_disable_surveys":false},"product_cat":[198,165],"product_tag":[],"aioseo_notices":[],"_links":{"self":[{"href":"https:\/\/rodess-dz.com\/ar\/wp-json\/wp\/v2\/product\/23541"}],"collection":[{"href":"https:\/\/rodess-dz.com\/ar\/wp-json\/wp\/v2\/product"}],"about":[{"href":"https:\/\/rodess-dz.com\/ar\/wp-json\/wp\/v2\/types\/product"}],"version-history":[{"count":1,"href":"https:\/\/rodess-dz.com\/ar\/wp-json\/wp\/v2\/product\/23541\/revisions"}],"predecessor-version":[{"id":23542,"href":"https:\/\/rodess-dz.com\/ar\/wp-json\/wp\/v2\/product\/23541\/revisions\/23542"}],"wp:featuredmedia":[{"embeddable":true,"href":"https:\/\/rodess-dz.com\/ar\/wp-json\/wp\/v2\/media\/23468"}],"wp:attachment":[{"href":"https:\/\/rodess-dz.com\/ar\/wp-json\/wp\/v2\/media?parent=23541"}],"wp:term":[{"taxonomy":"product_cat","embeddable":true,"href":"https:\/\/rodess-dz.com\/ar\/wp-json\/wp\/v2\/product_cat?post=23541"},{"taxonomy":"product_tag","embeddable":true,"href":"https:\/\/rodess-dz.com\/ar\/wp-json\/wp\/v2\/product_tag?post=23541"}],"curies":[{"name":"wp","href":"https:\/\/api.w.org\/{rel}","templated":true}]}}