{"id":23340,"date":"2024-04-17T14:03:04","date_gmt":"2024-04-17T14:03:04","guid":{"rendered":"https:\/\/rodess-dz.com\/?post_type=product&#038;p=23340"},"modified":"2024-04-17T14:03:04","modified_gmt":"2024-04-17T14:03:04","slug":"stylos-2","status":"publish","type":"product","link":"https:\/\/rodess-dz.com\/ar\/product\/stylos-2\/","title":{"rendered":"Stylos"},"content":{"rendered":"<p>stylo seript noir roller gel 1.0mm r\u00e9servoir g\u00e9ant rechargeable couleurs vivantes r\u00e9sistant a l&rsquo;eau<\/p>","protected":false},"excerpt":{"rendered":"<p>stylo seript noir roller gel 1.0mm r\u00e9servoir g\u00e9ant rechargeable couleurs vivantes r\u00e9sistant a l&rsquo;eau<\/p>","protected":false},"featured_media":23240,"template":"","meta":{"om_disable_all_campaigns":false,"_monsterinsights_skip_tracking":false,"_monsterinsights_sitenote_active":false,"_monsterinsights_sitenote_note":"","_monsterinsights_sitenote_category":0,"_uf_show_specific_survey":0,"_uf_disable_surveys":false},"product_cat":[165,196,195],"product_tag":[],"aioseo_notices":[],"_links":{"self":[{"href":"https:\/\/rodess-dz.com\/ar\/wp-json\/wp\/v2\/product\/23340"}],"collection":[{"href":"https:\/\/rodess-dz.com\/ar\/wp-json\/wp\/v2\/product"}],"about":[{"href":"https:\/\/rodess-dz.com\/ar\/wp-json\/wp\/v2\/types\/product"}],"version-history":[{"count":1,"href":"https:\/\/rodess-dz.com\/ar\/wp-json\/wp\/v2\/product\/23340\/revisions"}],"predecessor-version":[{"id":23341,"href":"https:\/\/rodess-dz.com\/ar\/wp-json\/wp\/v2\/product\/23340\/revisions\/23341"}],"wp:featuredmedia":[{"embeddable":true,"href":"https:\/\/rodess-dz.com\/ar\/wp-json\/wp\/v2\/media\/23240"}],"wp:attachment":[{"href":"https:\/\/rodess-dz.com\/ar\/wp-json\/wp\/v2\/media?parent=23340"}],"wp:term":[{"taxonomy":"product_cat","embeddable":true,"href":"https:\/\/rodess-dz.com\/ar\/wp-json\/wp\/v2\/product_cat?post=23340"},{"taxonomy":"product_tag","embeddable":true,"href":"https:\/\/rodess-dz.com\/ar\/wp-json\/wp\/v2\/product_tag?post=23340"}],"curies":[{"name":"wp","href":"https:\/\/api.w.org\/{rel}","templated":true}]}}