{"id":23324,"date":"2024-04-17T13:43:06","date_gmt":"2024-04-17T13:43:06","guid":{"rendered":"https:\/\/rodess-dz.com\/?post_type=product&#038;p=23324"},"modified":"2024-04-17T13:43:06","modified_gmt":"2024-04-17T13:43:06","slug":"pate-a-modeler-2","status":"publish","type":"product","link":"https:\/\/rodess-dz.com\/ar\/product\/pate-a-modeler-2\/","title":{"rendered":"Pate A Modeler"},"content":{"rendered":"<p>pate a modeler 07100 de 06 Couleurs tr\u00e8s vives m\u00e9langeables entre ellesd\u00e9ale pour les enfants \u00e0 partir de 03 ans .<\/p>","protected":false},"excerpt":{"rendered":"<p>pate a modeler 07100 de 06 Couleurs tr\u00e8s vives m\u00e9langeables entre ellesd\u00e9ale pour les enfants \u00e0 partir de 03 ans .<\/p>","protected":false},"featured_media":23250,"template":"","meta":{"om_disable_all_campaigns":false,"_monsterinsights_skip_tracking":false,"_monsterinsights_sitenote_active":false,"_monsterinsights_sitenote_note":"","_monsterinsights_sitenote_category":0,"_uf_show_specific_survey":0,"_uf_disable_surveys":false},"product_cat":[194,165],"product_tag":[],"aioseo_notices":[],"_links":{"self":[{"href":"https:\/\/rodess-dz.com\/ar\/wp-json\/wp\/v2\/product\/23324"}],"collection":[{"href":"https:\/\/rodess-dz.com\/ar\/wp-json\/wp\/v2\/product"}],"about":[{"href":"https:\/\/rodess-dz.com\/ar\/wp-json\/wp\/v2\/types\/product"}],"version-history":[{"count":1,"href":"https:\/\/rodess-dz.com\/ar\/wp-json\/wp\/v2\/product\/23324\/revisions"}],"predecessor-version":[{"id":23325,"href":"https:\/\/rodess-dz.com\/ar\/wp-json\/wp\/v2\/product\/23324\/revisions\/23325"}],"wp:featuredmedia":[{"embeddable":true,"href":"https:\/\/rodess-dz.com\/ar\/wp-json\/wp\/v2\/media\/23250"}],"wp:attachment":[{"href":"https:\/\/rodess-dz.com\/ar\/wp-json\/wp\/v2\/media?parent=23324"}],"wp:term":[{"taxonomy":"product_cat","embeddable":true,"href":"https:\/\/rodess-dz.com\/ar\/wp-json\/wp\/v2\/product_cat?post=23324"},{"taxonomy":"product_tag","embeddable":true,"href":"https:\/\/rodess-dz.com\/ar\/wp-json\/wp\/v2\/product_tag?post=23324"}],"curies":[{"name":"wp","href":"https:\/\/api.w.org\/{rel}","templated":true}]}}