{"id":23306,"date":"2024-04-17T13:29:39","date_gmt":"2024-04-17T13:29:39","guid":{"rendered":"https:\/\/rodess-dz.com\/?post_type=product&#038;p=23306"},"modified":"2024-04-17T13:29:51","modified_gmt":"2024-04-17T13:29:51","slug":"porte-document-3","status":"publish","type":"product","link":"https:\/\/rodess-dz.com\/ar\/product\/porte-document-3\/","title":{"rendered":"Porte Document"},"content":{"rendered":"<p>le prot\u00e9ge document de 60 vues 30 pochettes coloris en polypropyl\u00e9ne plusieur couleur pour votre prot\u00e8ge-documents identifiez le nombre de pages de votre dossier et choisissez la capacit\u00e9 en cons\u00e9quence . 1 pochette = 2 vues (recto et vers<\/p>","protected":false},"excerpt":{"rendered":"<p>le prot\u00e9ge document de 60 vues 30 pochettes coloris en polypropyl\u00e9ne plusieur couleur pour votre prot\u00e8ge-documents identifiez le nombre de pages de votre dossier et choisissez la capacit\u00e9 en cons\u00e9quence . 1 pochette = 2 vues (recto et vers<\/p>","protected":false},"featured_media":0,"template":"","meta":{"om_disable_all_campaigns":false,"_monsterinsights_skip_tracking":false,"_monsterinsights_sitenote_active":false,"_monsterinsights_sitenote_note":"","_monsterinsights_sitenote_category":0,"_uf_show_specific_survey":0,"_uf_disable_surveys":false},"product_cat":[164,193],"product_tag":[],"aioseo_notices":[],"_links":{"self":[{"href":"https:\/\/rodess-dz.com\/ar\/wp-json\/wp\/v2\/product\/23306"}],"collection":[{"href":"https:\/\/rodess-dz.com\/ar\/wp-json\/wp\/v2\/product"}],"about":[{"href":"https:\/\/rodess-dz.com\/ar\/wp-json\/wp\/v2\/types\/product"}],"version-history":[{"count":1,"href":"https:\/\/rodess-dz.com\/ar\/wp-json\/wp\/v2\/product\/23306\/revisions"}],"predecessor-version":[{"id":23307,"href":"https:\/\/rodess-dz.com\/ar\/wp-json\/wp\/v2\/product\/23306\/revisions\/23307"}],"wp:attachment":[{"href":"https:\/\/rodess-dz.com\/ar\/wp-json\/wp\/v2\/media?parent=23306"}],"wp:term":[{"taxonomy":"product_cat","embeddable":true,"href":"https:\/\/rodess-dz.com\/ar\/wp-json\/wp\/v2\/product_cat?post=23306"},{"taxonomy":"product_tag","embeddable":true,"href":"https:\/\/rodess-dz.com\/ar\/wp-json\/wp\/v2\/product_tag?post=23306"}],"curies":[{"name":"wp","href":"https:\/\/api.w.org\/{rel}","templated":true}]}}