{"id":23296,"date":"2024-04-17T13:23:42","date_gmt":"2024-04-17T13:23:42","guid":{"rendered":"https:\/\/rodess-dz.com\/?post_type=product&#038;p=23296"},"modified":"2024-04-17T13:23:42","modified_gmt":"2024-04-17T13:23:42","slug":"trousse-2","status":"publish","type":"product","link":"https:\/\/rodess-dz.com\/ar\/product\/trousse-2\/","title":{"rendered":"Trousse"},"content":{"rendered":"<p>trousse carr\u00e9 en tissu solide plusieur couleur.avec deux poches Fermeture zipp\u00e9e tirette m\u00e9tal et<\/p>","protected":false},"excerpt":{"rendered":"<p>trousse carr\u00e9 en tissu solide plusieur couleur.avec deux poches Fermeture zipp\u00e9e tirette m\u00e9tal et<\/p>","protected":false},"featured_media":23273,"template":"","meta":{"om_disable_all_campaigns":false,"_monsterinsights_skip_tracking":false,"_monsterinsights_sitenote_active":false,"_monsterinsights_sitenote_note":"","_monsterinsights_sitenote_category":0,"_uf_show_specific_survey":0,"_uf_disable_surveys":false},"product_cat":[165,190],"product_tag":[],"aioseo_notices":[],"_links":{"self":[{"href":"https:\/\/rodess-dz.com\/ar\/wp-json\/wp\/v2\/product\/23296"}],"collection":[{"href":"https:\/\/rodess-dz.com\/ar\/wp-json\/wp\/v2\/product"}],"about":[{"href":"https:\/\/rodess-dz.com\/ar\/wp-json\/wp\/v2\/types\/product"}],"version-history":[{"count":1,"href":"https:\/\/rodess-dz.com\/ar\/wp-json\/wp\/v2\/product\/23296\/revisions"}],"predecessor-version":[{"id":23297,"href":"https:\/\/rodess-dz.com\/ar\/wp-json\/wp\/v2\/product\/23296\/revisions\/23297"}],"wp:featuredmedia":[{"embeddable":true,"href":"https:\/\/rodess-dz.com\/ar\/wp-json\/wp\/v2\/media\/23273"}],"wp:attachment":[{"href":"https:\/\/rodess-dz.com\/ar\/wp-json\/wp\/v2\/media?parent=23296"}],"wp:term":[{"taxonomy":"product_cat","embeddable":true,"href":"https:\/\/rodess-dz.com\/ar\/wp-json\/wp\/v2\/product_cat?post=23296"},{"taxonomy":"product_tag","embeddable":true,"href":"https:\/\/rodess-dz.com\/ar\/wp-json\/wp\/v2\/product_tag?post=23296"}],"curies":[{"name":"wp","href":"https:\/\/api.w.org\/{rel}","templated":true}]}}