{"id":23190,"date":"2024-04-17T09:23:30","date_gmt":"2024-04-17T09:23:30","guid":{"rendered":"https:\/\/rodess-dz.com\/?post_type=product&#038;p=23190"},"modified":"2024-04-17T09:23:30","modified_gmt":"2024-04-17T09:23:30","slug":"etiquette-scolaire-3","status":"publish","type":"product","link":"https:\/\/rodess-dz.com\/ar\/product\/etiquette-scolaire-3\/","title":{"rendered":"\u00c9tiquette Scolaire"},"content":{"rendered":"<p>etiqutte scolaire simple grand format Ces \u00e9tiquettes adh\u00e9sivesautes Id\u00e9al pour le milieu scolaire Con\u00e7ues pour inscrire nom, pr\u00e9nom, mati\u00e8res, classe<\/p>","protected":false},"excerpt":{"rendered":"<p>etiqutte scolaire simple grand format Ces \u00e9tiquettes adh\u00e9sivesautes Id\u00e9al pour le milieu scolaire Con\u00e7ues pour inscrire nom, pr\u00e9nom, mati\u00e8res, classe<\/p>","protected":false},"featured_media":23180,"template":"","meta":{"om_disable_all_campaigns":false,"_monsterinsights_skip_tracking":false,"_monsterinsights_sitenote_active":false,"_monsterinsights_sitenote_note":"","_monsterinsights_sitenote_category":0,"_uf_show_specific_survey":0,"_uf_disable_surveys":false},"product_cat":[184,165],"product_tag":[],"aioseo_notices":[],"_links":{"self":[{"href":"https:\/\/rodess-dz.com\/ar\/wp-json\/wp\/v2\/product\/23190"}],"collection":[{"href":"https:\/\/rodess-dz.com\/ar\/wp-json\/wp\/v2\/product"}],"about":[{"href":"https:\/\/rodess-dz.com\/ar\/wp-json\/wp\/v2\/types\/product"}],"version-history":[{"count":1,"href":"https:\/\/rodess-dz.com\/ar\/wp-json\/wp\/v2\/product\/23190\/revisions"}],"predecessor-version":[{"id":23193,"href":"https:\/\/rodess-dz.com\/ar\/wp-json\/wp\/v2\/product\/23190\/revisions\/23193"}],"wp:featuredmedia":[{"embeddable":true,"href":"https:\/\/rodess-dz.com\/ar\/wp-json\/wp\/v2\/media\/23180"}],"wp:attachment":[{"href":"https:\/\/rodess-dz.com\/ar\/wp-json\/wp\/v2\/media?parent=23190"}],"wp:term":[{"taxonomy":"product_cat","embeddable":true,"href":"https:\/\/rodess-dz.com\/ar\/wp-json\/wp\/v2\/product_cat?post=23190"},{"taxonomy":"product_tag","embeddable":true,"href":"https:\/\/rodess-dz.com\/ar\/wp-json\/wp\/v2\/product_tag?post=23190"}],"curies":[{"name":"wp","href":"https:\/\/api.w.org\/{rel}","templated":true}]}}