{"id":23184,"date":"2024-04-17T09:21:23","date_gmt":"2024-04-17T09:21:23","guid":{"rendered":"https:\/\/rodess-dz.com\/?post_type=product&#038;p=23184"},"modified":"2024-04-17T09:21:23","modified_gmt":"2024-04-17T09:21:23","slug":"etiquette-scolaire","status":"publish","type":"product","link":"https:\/\/rodess-dz.com\/ar\/product\/etiquette-scolaire\/","title":{"rendered":"\u00c9tiquette Scolaire"},"content":{"rendered":"<p>etiqutte scolaire petit format mikky Ces \u00e9tiquettes adh\u00e9sivesautes en couleur sont id\u00e9ales pour ajouter une touche d&rsquo;originalit\u00e9 aux fournitures scolaires<\/p>","protected":false},"excerpt":{"rendered":"<p>etiqutte scolaire petit format mikky Ces \u00e9tiquettes adh\u00e9sivesautes en couleur sont id\u00e9ales pour ajouter une touche d&rsquo;originalit\u00e9 aux fournitures scolaires<\/p>","protected":false},"featured_media":23185,"template":"","meta":{"om_disable_all_campaigns":false,"_monsterinsights_skip_tracking":false,"_monsterinsights_sitenote_active":false,"_monsterinsights_sitenote_note":"","_monsterinsights_sitenote_category":0,"_uf_show_specific_survey":0,"_uf_disable_surveys":false},"product_cat":[184,165],"product_tag":[],"aioseo_notices":[],"_links":{"self":[{"href":"https:\/\/rodess-dz.com\/ar\/wp-json\/wp\/v2\/product\/23184"}],"collection":[{"href":"https:\/\/rodess-dz.com\/ar\/wp-json\/wp\/v2\/product"}],"about":[{"href":"https:\/\/rodess-dz.com\/ar\/wp-json\/wp\/v2\/types\/product"}],"version-history":[{"count":1,"href":"https:\/\/rodess-dz.com\/ar\/wp-json\/wp\/v2\/product\/23184\/revisions"}],"predecessor-version":[{"id":23186,"href":"https:\/\/rodess-dz.com\/ar\/wp-json\/wp\/v2\/product\/23184\/revisions\/23186"}],"wp:featuredmedia":[{"embeddable":true,"href":"https:\/\/rodess-dz.com\/ar\/wp-json\/wp\/v2\/media\/23185"}],"wp:attachment":[{"href":"https:\/\/rodess-dz.com\/ar\/wp-json\/wp\/v2\/media?parent=23184"}],"wp:term":[{"taxonomy":"product_cat","embeddable":true,"href":"https:\/\/rodess-dz.com\/ar\/wp-json\/wp\/v2\/product_cat?post=23184"},{"taxonomy":"product_tag","embeddable":true,"href":"https:\/\/rodess-dz.com\/ar\/wp-json\/wp\/v2\/product_tag?post=23184"}],"curies":[{"name":"wp","href":"https:\/\/api.w.org\/{rel}","templated":true}]}}