{"id":23174,"date":"2024-04-17T09:45:23","date_gmt":"2024-04-17T09:45:23","guid":{"rendered":"https:\/\/rodess-dz.com\/?post_type=product&#038;p=23174"},"modified":"2024-04-17T09:45:23","modified_gmt":"2024-04-17T09:45:23","slug":"calculatrice-4","status":"publish","type":"product","link":"https:\/\/rodess-dz.com\/ar\/product\/calculatrice-4\/","title":{"rendered":"Calculatrice"},"content":{"rendered":"<p>calculatrice gold electronique de 14chiffre grand \u00e9cran lcd 5 l\u00e9germent soulev\u00e9<br \/>\npour \u00e9tre mieux visible<\/p>","protected":false},"excerpt":{"rendered":"<p>calculatrice gold electronique de 14chiffre grand \u00e9cran lcd 5 l\u00e9germent soulev\u00e9 pour \u00e9tre mieux visible<\/p>","protected":false},"featured_media":23199,"template":"","meta":{"om_disable_all_campaigns":false,"_monsterinsights_skip_tracking":false,"_monsterinsights_sitenote_active":false,"_monsterinsights_sitenote_note":"","_monsterinsights_sitenote_category":0,"_uf_show_specific_survey":0,"_uf_disable_surveys":false},"product_cat":[164,185],"product_tag":[],"aioseo_notices":[],"_links":{"self":[{"href":"https:\/\/rodess-dz.com\/ar\/wp-json\/wp\/v2\/product\/23174"}],"collection":[{"href":"https:\/\/rodess-dz.com\/ar\/wp-json\/wp\/v2\/product"}],"about":[{"href":"https:\/\/rodess-dz.com\/ar\/wp-json\/wp\/v2\/types\/product"}],"version-history":[{"count":1,"href":"https:\/\/rodess-dz.com\/ar\/wp-json\/wp\/v2\/product\/23174\/revisions"}],"predecessor-version":[{"id":23207,"href":"https:\/\/rodess-dz.com\/ar\/wp-json\/wp\/v2\/product\/23174\/revisions\/23207"}],"wp:featuredmedia":[{"embeddable":true,"href":"https:\/\/rodess-dz.com\/ar\/wp-json\/wp\/v2\/media\/23199"}],"wp:attachment":[{"href":"https:\/\/rodess-dz.com\/ar\/wp-json\/wp\/v2\/media?parent=23174"}],"wp:term":[{"taxonomy":"product_cat","embeddable":true,"href":"https:\/\/rodess-dz.com\/ar\/wp-json\/wp\/v2\/product_cat?post=23174"},{"taxonomy":"product_tag","embeddable":true,"href":"https:\/\/rodess-dz.com\/ar\/wp-json\/wp\/v2\/product_tag?post=23174"}],"curies":[{"name":"wp","href":"https:\/\/api.w.org\/{rel}","templated":true}]}}