{"id":23165,"date":"2024-04-17T09:13:53","date_gmt":"2024-04-17T09:13:53","guid":{"rendered":"https:\/\/rodess-dz.com\/?post_type=product&#038;p=23165"},"modified":"2024-04-17T09:13:54","modified_gmt":"2024-04-17T09:13:54","slug":"scotch","status":"publish","type":"product","link":"https:\/\/rodess-dz.com\/ar\/product\/scotch\/","title":{"rendered":"Scotch"},"content":{"rendered":"<p>scotch decor\u00e9e bonne r\u00e9sistance la traction et la d\u00e9chirure, excellent pouvoir adh\u00e9rent sur carton support polypropyl\u00e9ne , r\u00e9siste aux variations de temp\u00e9rature<\/p>","protected":false},"excerpt":{"rendered":"<p>scotch decor\u00e9e bonne r\u00e9sistance la traction et la d\u00e9chirure, excellent pouvoir adh\u00e9rent sur carton support polypropyl\u00e9ne , r\u00e9siste aux variations de temp\u00e9rature<\/p>","protected":false},"featured_media":23166,"template":"","meta":{"om_disable_all_campaigns":false,"_monsterinsights_skip_tracking":false,"_monsterinsights_sitenote_active":false,"_monsterinsights_sitenote_note":"","_monsterinsights_sitenote_category":0,"_uf_show_specific_survey":0,"_uf_disable_surveys":false},"product_cat":[182,165,181],"product_tag":[],"aioseo_notices":[],"_links":{"self":[{"href":"https:\/\/rodess-dz.com\/ar\/wp-json\/wp\/v2\/product\/23165"}],"collection":[{"href":"https:\/\/rodess-dz.com\/ar\/wp-json\/wp\/v2\/product"}],"about":[{"href":"https:\/\/rodess-dz.com\/ar\/wp-json\/wp\/v2\/types\/product"}],"version-history":[{"count":1,"href":"https:\/\/rodess-dz.com\/ar\/wp-json\/wp\/v2\/product\/23165\/revisions"}],"predecessor-version":[{"id":23172,"href":"https:\/\/rodess-dz.com\/ar\/wp-json\/wp\/v2\/product\/23165\/revisions\/23172"}],"wp:featuredmedia":[{"embeddable":true,"href":"https:\/\/rodess-dz.com\/ar\/wp-json\/wp\/v2\/media\/23166"}],"wp:attachment":[{"href":"https:\/\/rodess-dz.com\/ar\/wp-json\/wp\/v2\/media?parent=23165"}],"wp:term":[{"taxonomy":"product_cat","embeddable":true,"href":"https:\/\/rodess-dz.com\/ar\/wp-json\/wp\/v2\/product_cat?post=23165"},{"taxonomy":"product_tag","embeddable":true,"href":"https:\/\/rodess-dz.com\/ar\/wp-json\/wp\/v2\/product_tag?post=23165"}],"curies":[{"name":"wp","href":"https:\/\/api.w.org\/{rel}","templated":true}]}}