{"id":23155,"date":"2024-04-17T09:01:41","date_gmt":"2024-04-17T09:01:41","guid":{"rendered":"https:\/\/rodess-dz.com\/?post_type=product&#038;p=23155"},"modified":"2024-04-17T09:01:41","modified_gmt":"2024-04-17T09:01:41","slug":"correcteur-2","status":"publish","type":"product","link":"https:\/\/rodess-dz.com\/ar\/product\/correcteur-2\/","title":{"rendered":"Correcteur"},"content":{"rendered":"<p>une correction en couleur tres pr\u00e9cise pointe fine m\u00e9tal pour une pr\u00e9cision et une propret\u00e9 renforc\u00e9e id\u00e9al pour corriger des textes.<\/p>","protected":false},"excerpt":{"rendered":"<p>une correction en couleur tres pr\u00e9cise pointe fine m\u00e9tal pour une pr\u00e9cision et une propret\u00e9 renforc\u00e9e id\u00e9al pour corriger des textes.<\/p>","protected":false},"featured_media":23156,"template":"","meta":{"om_disable_all_campaigns":false,"_monsterinsights_skip_tracking":false,"_monsterinsights_sitenote_active":false,"_monsterinsights_sitenote_note":"","_monsterinsights_sitenote_category":0,"_uf_show_specific_survey":0,"_uf_disable_surveys":false},"product_cat":[176,165],"product_tag":[],"aioseo_notices":[],"_links":{"self":[{"href":"https:\/\/rodess-dz.com\/ar\/wp-json\/wp\/v2\/product\/23155"}],"collection":[{"href":"https:\/\/rodess-dz.com\/ar\/wp-json\/wp\/v2\/product"}],"about":[{"href":"https:\/\/rodess-dz.com\/ar\/wp-json\/wp\/v2\/types\/product"}],"version-history":[{"count":1,"href":"https:\/\/rodess-dz.com\/ar\/wp-json\/wp\/v2\/product\/23155\/revisions"}],"predecessor-version":[{"id":23158,"href":"https:\/\/rodess-dz.com\/ar\/wp-json\/wp\/v2\/product\/23155\/revisions\/23158"}],"wp:featuredmedia":[{"embeddable":true,"href":"https:\/\/rodess-dz.com\/ar\/wp-json\/wp\/v2\/media\/23156"}],"wp:attachment":[{"href":"https:\/\/rodess-dz.com\/ar\/wp-json\/wp\/v2\/media?parent=23155"}],"wp:term":[{"taxonomy":"product_cat","embeddable":true,"href":"https:\/\/rodess-dz.com\/ar\/wp-json\/wp\/v2\/product_cat?post=23155"},{"taxonomy":"product_tag","embeddable":true,"href":"https:\/\/rodess-dz.com\/ar\/wp-json\/wp\/v2\/product_tag?post=23155"}],"curies":[{"name":"wp","href":"https:\/\/api.w.org\/{rel}","templated":true}]}}